{"id":6123,"date":"2024-05-29T10:12:28","date_gmt":"2024-05-29T08:12:28","guid":{"rendered":"https:\/\/www.audio-focus.com\/produit\/powercell-12-sx-copie-de-test-achat\/"},"modified":"2024-05-31T12:29:17","modified_gmt":"2024-05-31T10:29:17","slug":"powercell-12-sx-copie-de-test-achat","status":"publish","type":"product","link":"https:\/\/www.audio-focus.com\/en\/produit\/powercell-12-sx-copie-de-test-achat\/","title":{"rendered":"POWERCELL 12 SX (Copie de TEST achat)"},"content":{"rendered":"[vc_row row_type=&#8221;row&#8221; text_align=&#8221;left&#8221; css_animation=&#8221;&#8221;][vc_column][vc_column_text]\n<h2 style=\"text-align: center;\"><em>POWERCELL 12 SX<\/em><\/h2>\n[\/vc_column_text][\/vc_column][\/vc_row][vc_row row_type=&#8221;row&#8221; text_align=&#8221;left&#8221; css_animation=&#8221;&#8221;][vc_column][vc_column_text]\n<pre id=\"tw-target-text\" class=\"tw-data-text tw-text-large tw-ta\" dir=\"ltr\" data-placeholder=\"Traduction\" aria-label=\"Texte traduit\" data-ved=\"2ahUKEwiA1L7h2N-FAxWt0wIHHVOQDw4Q3ewLegQIBRAT\"><span class=\"Y2IQFc\" lang=\"fr\" style=\"color: #808080;\">Le PowerCell SX emprunte sa technologie au Galileo SX PowerCell pour des performances sup\u00e9rieures\n\u00e0 celles du PowerCell 12. L'innovation technologique commence avec les cellules \u00e9lectromagn\u00e9tiques\nactives plus dens\u00e9ment enroul\u00e9es du Galileo SX PowerCell pour une filtration am\u00e9lior\u00e9e et un\nbruit de fond plus faible. Le PowerCell SX reprend ensuite l'alimentation \u00e9lectrique du Galileo SX\net le g\u00e9n\u00e9rateur de r\u00e9sonance Schumann pour alimenter et polariser ses six cellules EM internes.\nEt tout comme le Galileo SX PowerCell qui polarisait toutes les cellules EM actives, le g\u00e9n\u00e9rateur \nde r\u00e9sonance Schumann du PowerCell SX polarise ses six cellules EM actives, \u00e0 la fois roul\u00e9es\net plates. En revanche, le PowerCell 12 standard ne polarise que la seule cellule EM plate\navec un g\u00e9n\u00e9rateur de champ moins puissant. D'autres am\u00e9liorations incluent la m\u00eame topologie de\nfiltration au sol que celle trouv\u00e9e sur le Galileo SX PowerCell pour un bruit plus faible, une\nsc\u00e8ne sonore plus holographique et une capacit\u00e9 unique \u00e0 mettre \u00e0 la terre le PowerCell SX \u00e0 un\nGround Block actif de recherche synergique pour des performances encore plus \u00e9lev\u00e9es sans\nsacrifier aucun de vos douze prises \u00e9lectriques.\nLes nouveaut\u00e9s du PowerCell SX sont les condensateurs orange dot\u00e9s de la technologie du fusible\nOrange utilis\u00e9s dans l'alimentation \u00e9lectrique et le g\u00e9n\u00e9rateur de champ, offrant des avantages\npar rapport au Galileo SX PowerCell et au PowerCell 12. Il existe m\u00eame un amp\u00e8rem\u00e8tre qui vous\npermet de visualiser le magnifique circuit construit \u00e0 la main pendant que vous surveillez\nla consommation d\u2019\u00e9nergie de votre syst\u00e8me.<\/span><\/pre>\n[\/vc_column_text][\/vc_column][\/vc_row][vc_row row_type=&#8221;row&#8221; text_align=&#8221;left&#8221; css_animation=&#8221;&#8221;][vc_column][vc_empty_space][vc_single_image image=&#8221;4550&#8243; img_size=&#8221;full&#8221; alignment=&#8221;center&#8221;][\/vc_column][\/vc_row][vc_row row_type=&#8221;row&#8221; text_align=&#8221;left&#8221; css_animation=&#8221;&#8221;][vc_column][vc_separator type=&#8221;normal&#8221;][\/vc_column][\/vc_row][vc_row row_type=&#8221;row&#8221; text_align=&#8221;left&#8221; css_animation=&#8221;&#8221;][vc_column][vc_column_text]\n<h2 style=\"text-align: center;\"><em>LE COEUR DE LA B\u00caTE<\/em><\/h2>\n[\/vc_column_text][vc_column_text]\n<pre id=\"tw-target-text\" class=\"tw-data-text tw-text-large tw-ta\" dir=\"ltr\" data-placeholder=\"Traduction\" aria-label=\"Texte traduit\" data-ved=\"2ahUKEwiA1L7h2N-FAxWt0wIHHVOQDw4Q3ewLegQIBRAT\"><span class=\"Y2IQFc\" lang=\"fr\" style=\"color: #808080;\">Nous avons transf\u00e9r\u00e9 plus de 80 % de la technologie et des am\u00e9liorations initialement d\u00e9velopp\u00e9es\npour notre conditionneur de ligne Galileo SX PowerCell, de renomm\u00e9e mondiale, directement dans le\nnouveau PowerCell SX.\nNous avons ensuite ajout\u00e9 des condensateurs Orange \u00e0 son alimentation et \u00e0 son g\u00e9n\u00e9rateur de\nchamp ULF pour am\u00e9liorer les performances du PowerCell SX.\nToutes les cellules EM actives sont plus grandes et plus dens\u00e9ment emball\u00e9es avec 25 % de surface\nen plus que les cellules EM roul\u00e9es du PowerCell 12 pour une augmentation de l'efficacit\u00e9 des\ncellules EM et un stockage d'\u00e9nergie am\u00e9lior\u00e9 pour la fourniture de puissance et la plage\ndynamique per\u00e7ue.<\/span><\/pre>\n[\/vc_column_text][vc_empty_space][vc_single_image image=&#8221;4562&#8243; img_size=&#8221;full&#8221; alignment=&#8221;center&#8221;][\/vc_column][\/vc_row][vc_row row_type=&#8221;row&#8221; text_align=&#8221;left&#8221; css_animation=&#8221;&#8221;][vc_column][vc_separator type=&#8221;normal&#8221;][\/vc_column][\/vc_row][vc_row row_type=&#8221;row&#8221; text_align=&#8221;left&#8221; css_animation=&#8221;&#8221;][vc_column][vc_column_text]\n<h2 style=\"text-align: center;\"><em>CIRCUIT IMPRIM\u00c9 EMPRUNT\u00c9 AU GALILEO SX AINSI QUE SES MODULES EN OR 24K<\/em><\/h2>\n[\/vc_column_text][\/vc_column][\/vc_row][vc_row row_type=&#8221;row&#8221; text_align=&#8221;left&#8221; css_animation=&#8221;&#8221;][vc_column][vc_column_text]\n<div id=\"tw-target-text-container\" class=\"tw-ta-container F0azHf tw-nfl\" tabindex=\"0\">\n<pre id=\"tw-target-text\" class=\"tw-data-text tw-text-large tw-ta\" dir=\"ltr\" data-placeholder=\"Traduction\" aria-label=\"Texte traduit\" data-ved=\"2ahUKEwiA1L7h2N-FAxWt0wIHHVOQDw4Q3ewLegQIBRAT\"><span style=\"color: #808080;\"><span class=\"Y2IQFc\" lang=\"fr\">Le PowerCell SX prend son alimentation et son g\u00e9n\u00e9rateur de champ ULF directement du <\/span><span class=\"Y2IQFc\" lang=\"fr\">PowerCell\n<\/span><span class=\"Y2IQFc\" lang=\"fr\">Galileo SX pour une am\u00e9lioration des performances en son c\u0153ur.\nIl utilise \u00e9galement les circuits de r\u00e9glage UEF Or 24 carats dU Galileo SX pour une richesse\nharmonique et une musicalit\u00e9 am\u00e9lior\u00e9e.<\/span><\/span><\/pre>\n<\/div>\n[\/vc_column_text][\/vc_column][\/vc_row][vc_row row_type=&#8221;row&#8221; text_align=&#8221;left&#8221; css_animation=&#8221;&#8221;][vc_column][vc_empty_space][\/vc_column][\/vc_row][vc_row row_type=&#8221;row&#8221; text_align=&#8221;left&#8221; css_animation=&#8221;&#8221;][vc_column][vc_single_image image=&#8221;4571&#8243; img_size=&#8221;full&#8221; alignment=&#8221;center&#8221;][\/vc_column][\/vc_row][vc_row row_type=&#8221;row&#8221; text_align=&#8221;left&#8221; css_animation=&#8221;&#8221;][vc_column][vc_separator type=&#8221;normal&#8221;][\/vc_column][\/vc_row][vc_row row_type=&#8221;row&#8221; text_align=&#8221;left&#8221; css_animation=&#8221;&#8221;][vc_column][vc_column_text]\n<h2 style=\"text-align: center;\"><em>CELLULES \u00c9LECTROMAGN\u00c9TIQUES ENROUL\u00c9ES 25% PLUS GRANDES ACCORD\u00c9ES AVEC LA R\u00c9SONANCE DE SCHUMAN<\/em><\/h2>\n[\/vc_column_text][\/vc_column][\/vc_row][vc_row row_type=&#8221;row&#8221; text_align=&#8221;left&#8221; css_animation=&#8221;&#8221;][vc_column][vc_column_text]\n<div id=\"tw-target-text-container\" class=\"tw-ta-container F0azHf tw-nfl\" tabindex=\"0\">\n<pre id=\"tw-target-text\" class=\"tw-data-text tw-text-large tw-ta\" dir=\"ltr\" data-placeholder=\"Traduction\" aria-label=\"Texte traduit\" data-ved=\"2ahUKEwiA1L7h2N-FAxWt0wIHHVOQDw4Q3ewLegQIBRAT\"><span class=\"Y2IQFc\" lang=\"fr\" style=\"color: #808080;\">Les cinq tubes en fibre de carbone que vous voyez dans le PowerCell SX sont des cellules\n\u00e9lectromagn\u00e9tiques actives pli\u00e9es, et ces cellules sont 25 % plus denses que les cellules\nEM pli\u00e9es du PowerCell 12 SE.\nCela signifie une meilleure filtration pour un bruit de fond plus faible et une dynamique am\u00e9lior\u00e9e.\nNous polarisons \u00e9galement les 5 cellules EM pli\u00e9es plus la cellule EM plate visible comme un\nrectangle noir avec deux bandes argent\u00e9es avec une harmonique de la r\u00e9sonance Schuman de la Terre\nalors que le PowerCell 12 SE polarise uniquement la cellule EM plate.\n25 % de filtration en plus combin\u00e9e \u00e0 la polarisation des six cellules EM am\u00e9liore la capacit\u00e9 de\nvotre syst\u00e8me \u00e0 mettre en sc\u00e8ne le son par rapport \u00e0 la mise en sc\u00e8ne sonore d\u00e9j\u00e0 excellente\ndu PowerCell 12 SE.<\/span><\/pre>\n<\/div>\n[\/vc_column_text][\/vc_column][\/vc_row][vc_row row_type=&#8221;row&#8221; text_align=&#8221;left&#8221; css_animation=&#8221;&#8221;][vc_column][vc_empty_space][\/vc_column][\/vc_row][vc_row row_type=&#8221;row&#8221; text_align=&#8221;left&#8221; css_animation=&#8221;&#8221;][vc_column][vc_single_image image=&#8221;4564&#8243; img_size=&#8221;full&#8221; alignment=&#8221;center&#8221;][\/vc_column][\/vc_row][vc_row row_type=&#8221;row&#8221; text_align=&#8221;left&#8221; css_animation=&#8221;&#8221;][vc_column][vc_separator type=&#8221;normal&#8221;][\/vc_column][\/vc_row][vc_row row_type=&#8221;row&#8221; text_align=&#8221;left&#8221; css_animation=&#8221;&#8221;][vc_column][vc_column_text]\n<h2 style=\"text-align: center;\"><em>MISE A LA TERRE ISSUE DU POWECELL GALILEO SX<\/em><\/h2>\n[\/vc_column_text][\/vc_column][\/vc_row][vc_row row_type=&#8221;row&#8221; text_align=&#8221;left&#8221; css_animation=&#8221;&#8221;][vc_column][vc_column_text]\n<div id=\"tw-target-text-container\" class=\"tw-ta-container F0azHf tw-nfl\" tabindex=\"0\">\n<pre id=\"tw-target-text\" class=\"tw-data-text tw-text-large tw-ta\" dir=\"ltr\" data-placeholder=\"Traduction\" aria-label=\"Texte traduit\" data-ved=\"2ahUKEwiA1L7h2N-FAxWt0wIHHVOQDw4Q3ewLegQIBRAT\"><span class=\"Y2IQFc\" lang=\"fr\" style=\"color: #808080;\">L'alimentation interne du Galileo SX et le g\u00e9n\u00e9rateur ULF inclus dans le PowerCell SX sont encore am\u00e9lior\u00e9s\navec un plan de masse UEF d\u00e9velopp\u00e9 pour la premi\u00e8re fois pour le Galileo SX PowerCell afin de r\u00e9duire\nle bruit de fond et d'augmenter la mise en sc\u00e8ne sonore.\nEt pour porter ces performances \u00e0 un niveau sup\u00e9rieur, il existe la possibilit\u00e9 de mettre \u00e0 la terre\nle PowerCell SX sur l'un de nos blocs de masse actifs, ce qui am\u00e9liore \u00e9tonnamment le poids et l'attaque\ndes basses fr\u00e9quences tout en r\u00e9duisant encore le bruit de fond sans sacrifier l'un des duplex.\nVous disposez ainsi des 12 prises compl\u00e8tes pour filtrer tous les composants de votre syst\u00e8me sans perte\nde courant.<\/span><\/pre>\n<\/div>\n[\/vc_column_text][\/vc_column][\/vc_row][vc_row row_type=&#8221;row&#8221; text_align=&#8221;left&#8221; css_animation=&#8221;&#8221;][vc_column][vc_empty_space][\/vc_column][\/vc_row][vc_row row_type=&#8221;row&#8221; text_align=&#8221;left&#8221; css_animation=&#8221;&#8221;][vc_column][vc_single_image image=&#8221;4554&#8243; img_size=&#8221;full&#8221; alignment=&#8221;center&#8221;][\/vc_column][\/vc_row][vc_row row_type=&#8221;row&#8221; text_align=&#8221;left&#8221; css_animation=&#8221;&#8221;][vc_column][vc_separator type=&#8221;normal&#8221;][\/vc_column][\/vc_row][vc_row row_type=&#8221;row&#8221; text_align=&#8221;left&#8221; css_animation=&#8221;&#8221;][vc_column][vc_column_text]\n<h2 style=\"text-align: center;\"><em>AMP\u00c8REM\u00c8TRE AVEC 13 MODES D&#8217;\u00c9CLAIRAGE<\/em><\/h2>\n[\/vc_column_text][\/vc_column][\/vc_row][vc_row row_type=&#8221;row&#8221; text_align=&#8221;left&#8221; css_animation=&#8221;&#8221;][vc_column][vc_column_text]\n<div id=\"tw-target-text-container\" class=\"tw-ta-container F0azHf tw-nfl\" tabindex=\"0\">\n<pre id=\"tw-target-text\" class=\"tw-data-text tw-text-large tw-ta\" dir=\"ltr\" data-placeholder=\"Traduction\" aria-label=\"Texte traduit\" data-ved=\"2ahUKEwiA1L7h2N-FAxWt0wIHHVOQDw4Q3ewLegQIBRAT\"><span class=\"Y2IQFc\" lang=\"fr\" style=\"color: #808080;\">Le PowerCell SX est muni d'un amp\u00e8rem\u00e8tre orient\u00e9 vers l'avant qui affiche l'amp\u00e9rage traversant\nvotre PowerCell. Il fournit par la m\u00eame occasion une fen\u00eatre sur le magnifique circuit interne\nfabriqu\u00e9 \u00e0 la main. S'ajoute une seconde fen\u00eatre plus grande mont\u00e9e sur le dessus.\nVous appr\u00e9cierez de voir le summum de notre savoir-faire am\u00e9ricain. Vous pouvez m\u00eame modifier\nla couleur et l'intensit\u00e9 de la lumi\u00e8re qui \u00e9claire \u00e0 la fois l'amp\u00e8rem\u00e8tre avant et la fen\u00eatre\nsup\u00e9rieure du circuit.\nChoisissez entre Galileo White, Synergistic Research Blue, Dante Red et McIntosh Blue pour adapter\nson \u00e9clairage aux autres composants de votre syst\u00e8me. Et si vous pr\u00e9f\u00e9rez ne pas avoir de lumi\u00e8re du tout,\nvous pouvez choisir d\u2019\u00eatre ennuyeux, c\u2019est \u00e0 vous de d\u00e9cider...<\/span><\/pre>\n<\/div>\n[\/vc_column_text][\/vc_column][\/vc_row][vc_row row_type=&#8221;row&#8221; text_align=&#8221;left&#8221; css_animation=&#8221;&#8221;][vc_column][vc_empty_space][vc_gallery interval=&#8221;3&#8243; images=&#8221;4573,4572,4574,4575,4576&#8243; img_size=&#8221;full&#8221; onclick=&#8221;&#8221; css_animation=&#8221;rotateIn&#8221;][\/vc_column][\/vc_row][vc_row row_type=&#8221;row&#8221; text_align=&#8221;left&#8221; css_animation=&#8221;&#8221;][vc_column][vc_separator type=&#8221;normal&#8221;][\/vc_column][\/vc_row][vc_row row_type=&#8221;row&#8221; text_align=&#8221;left&#8221; css_animation=&#8221;&#8221;][vc_column][vc_column_text]\n<h2 style=\"text-align: center;\"><em>SP\u00c9CIFICATIONS POWERCELL SX<\/em><\/h2>\n[\/vc_column_text][vc_empty_space][\/vc_column][\/vc_row][vc_row row_type=&#8221;row&#8221; text_align=&#8221;left&#8221; css_animation=&#8221;&#8221;][vc_column width=&#8221;1\/2&#8243;][vc_column_text]\n<h4>C\u00e2blage :<\/h4>\n<ul>\n<li>Matrix Argent 10 Awg soud\u00e9es point \u00e0 point<\/li>\n<\/ul>\n<p>Prises de Sortie International (EU\/AU\/UK) :<\/p>\n<ul>\n<li>12 Prises Schuko Orange UEF (Traitement Quantum deux niveauxt) Note: Les prises sont de couleur noire.<\/li>\n<\/ul>\n<h4><\/h4>\n<h4>UEF (Unified Energy Field) :<\/h4>\n<ul>\n<li>Traitement au Graph\u00e8ne de toute l&#8217;appareil<\/li>\n<li>Alimentation Active interne pour le Bias des cellules EM (Electro-Magn\u00e9tiques)<\/li>\n<li>G\u00e9n\u00e9rateur interne de 3\u00e8me g\u00e9n\u00e9ration ULF (Ultra-low frequency) appliqu\u00e9 \u00e0 chaque cellule \u00e9lectromagn\u00e9tique pour ajuster le courant AC \u00e0 la r\u00e9sonance de Schumann permettant une r\u00e9duction dramatique du niveau de bruit de fond du syst\u00e8me aliment\u00e9.<\/li>\n<li>2 Transformateurs d&#8217;alimentation SR<\/li>\n<li>8 Condensateurs Quantum SR dans l&#8217;alimentation des cellules EM et le g\u00e9n\u00e9rateur de champ ULF<\/li>\n<li>Plaque de masse de ch\u00e2ssis en Acier hautement carbon\u00e9 \/ Aluminium<\/li>\n<li>Cinq nouvelles Cellules EM XL 25% plus grandes agissent comme un &#8220;Super Condensateur&#8221; augmentant la r\u00e9ponse aux pointes de courant et permettant aux appareils de tirer plus de courant que s&#8217;ils \u00e9taient branch\u00e9s directement \u00e0 la prise murale. Ceci am\u00e9liore la dynamique g\u00e9n\u00e9rale.<\/li>\n<\/ul>\n<h4><\/h4>\n<h4>Cellule EM UEF Horizontale Active :<\/h4>\n<ul>\n<li>640 centim\u00e8tres carr\u00e9<\/li>\n<li>5 x Cellules Active EM UEF internes en Fibres de Carbone pli\u00e9es pour un total de 3605 centim\u00e8tres carr\u00e9<\/li>\n<\/ul>\n<h4><\/h4>\n<h4>Connecteur Secteur Entr\u00e9 :<\/h4>\n<ul>\n<li>1 PowerCon Neutrik 32 amp<\/li>\n<li>2 Bancs de sorties isol\u00e9es permettant d&#8217;isoler les composants analogiques et num\u00e9riques<\/li>\n<\/ul>\n<h4><\/h4>\n<h4>Strap de Masse en Argent Pur \u00e0 99,995% :<\/h4>\n<ul>\n<li>62 centim\u00e8tres carr\u00e9<\/li>\n<\/ul>\n<h4><\/h4>\n<h4><em>Poids et Dimensions :<\/em><\/h4>\n<ul>\n<li>L 44,5cm x H 14cm x P 35cm<\/li>\n<li>13 Kg<\/li>\n<\/ul>\n<h4><\/h4>\n<h4><em>Voltage et Capacit\u00e9 en Courant :<\/em><\/h4>\n<ul>\n<li style=\"list-style-type: none;\">\n<ul>\n<li>Input Rating International (EU\/AU\/UK): 16amp\/250v<\/li>\n<li>International(EU\/AU\/UK) Version: Selon Standard Schuko de 16amp\/250v<\/li>\n<\/ul>\n<\/li>\n<\/ul>\n[\/vc_column_text][\/vc_column][vc_column width=&#8221;1\/2&#8243;][vc_column_text]\n<h4><span style=\"color: #808080;\">Wiring<\/span><\/h4>\n<ul>\n<li><span style=\"color: #808080;\">All 10 awg. Silver Matrix point-to-point discrete wiring<\/span><\/li>\n<\/ul>\n<p><span style=\"color: #808080;\">Connector Output International (EU\/AU\/UK):<\/span><\/p>\n<ul>\n<li><span style=\"color: #808080;\">12 each Orange UEF Schuko outlets (Two stage Quantum Treatment) Note: Outlets are Black in color.<\/span><\/li>\n<\/ul>\n<h4><\/h4>\n<h4><span style=\"color: #808080;\">UEF:<\/span><\/h4>\n<ul>\n<li><span style=\"color: #808080;\">Graphene treatment throughout unit<\/span><\/li>\n<li><span style=\"color: #808080;\">Internal \u201cActive\u201d power supply for biasing EM Cells<\/span><\/li>\n<li><span style=\"color: #808080;\">3rd generation Internal ULF (Ultra-low frequency) Generator applied to each individual electromagnetic cell to bias AC to the Earth\u2019s Schumann Resonance for a dramatic drop in a system\u2019s noise floor.<\/span><\/li>\n<li><span style=\"color: #808080;\">2 each SR Power Transformers<\/span><\/li>\n<li><span style=\"color: #808080;\">8 each SR Quantum Capacitors in EM Cell power supply and ULF field generator<\/span><\/li>\n<li><span style=\"color: #808080;\">High Carbon Steel\/Aluminum \u201cGround Plane\u201d chassis<\/span><\/li>\n<li><span style=\"color: #808080;\">Five New 25% larger XL EM Cell topology acts like a \u2018Super Capacitor\u2019 to increase peak current on demand allowing components to draw more current than when connected directly to the wall for added dynamic headroom<\/span><\/li>\n<\/ul>\n<h4><\/h4>\n<h4><span style=\"color: #808080;\">Internal Active UEF EM Horizontal Plane Cell area:<\/span><\/h4>\n<ul>\n<li><span style=\"color: #808080;\">640 square centimeters<\/span><\/li>\n<li><span style=\"color: #808080;\">5 x Internal Active UEF EM Folded Carbon Fiber Cell area: 3605 square centimeters total<\/span><\/li>\n<\/ul>\n<h4><\/h4>\n<h4><span style=\"color: #808080;\">Connector Input:<\/span><\/h4>\n<ul>\n<li><span style=\"color: #808080;\">1 each Neutrik 32 amp PowerCon<\/span><\/li>\n<li><span style=\"color: #808080;\">2 Isolated Output Banks; can be used to isolate analog from digital components<\/span><\/li>\n<\/ul>\n<h4><\/h4>\n<h4><span style=\"color: #808080;\">99.995% Pure Silver Ground Strap:<\/span><\/h4>\n<ul>\n<li><span style=\"color: #808080;\">62 square centimeters<\/span><\/li>\n<\/ul>\n<h4><\/h4>\n<h4><em><span style=\"color: #808080;\">Weight and Dimensions:<\/span><\/em><\/h4>\n<ul>\n<li><span style=\"color: #808080;\">5.5\u2033 x Width 17.5\u2033 x Depth 13.5\u2033<\/span><\/li>\n<li><span style=\"color: #808080;\">28 lbs.<\/span><\/li>\n<\/ul>\n<h4><\/h4>\n<h4><em><span style=\"color: #808080;\">Voltage and current Rating:<\/span><\/em><\/h4>\n<ul>\n<li style=\"list-style-type: none;\">\n<ul>\n<li><span style=\"color: #808080;\">Input Rating International (EU\/AU\/UK): 16amp\/250v<\/span><\/li>\n<li><span style=\"color: #808080;\">International(EU\/AU\/UK) Version: Rating is predicated upon the Schuko Outlet rating of 16amp\/250v<\/span><\/li>\n<\/ul>\n<\/li>\n<\/ul>\n[\/vc_column_text][vc_empty_space][\/vc_column][\/vc_row][vc_row row_type=&#8221;row&#8221; text_align=&#8221;left&#8221; css_animation=&#8221;&#8221;][vc_column][vc_empty_space][\/vc_column][\/vc_row][vc_row row_type=&#8221;row&#8221; text_align=&#8221;left&#8221; css_animation=&#8221;&#8221;][vc_column][vc_separator type=&#8221;normal&#8221;][\/vc_column][\/vc_row][vc_row row_type=&#8221;row&#8221; text_align=&#8221;left&#8221; css_animation=&#8221;&#8221;][vc_column width=&#8221;1\/4&#8243;][vc_column_text]\n<h4 style=\"text-align: center;\"><strong>Associ\u00e9 \u00e0 un c\u00e2ble secteur Atmosph\u00e8re Euphoria SX Powercell d&#8217;une valeur de 4000\u20ac.<\/strong><\/h4>\n[\/vc_column_text][\/vc_column][vc_column width=&#8221;1\/4&#8243;][vc_column_text]\n<h4 style=\"text-align: center;\"><strong>Associ\u00e9 \u00e0 un c\u00e2ble secteur Galileo Discovery Powercell d&#8217;une valeur de 7500\u20ac.<\/strong><\/h4>\n[\/vc_column_text][\/vc_column][vc_column width=&#8221;1\/4&#8243;][vc_column_text]\n<h4 style=\"text-align: center;\"><strong>Associ\u00e9 \u00e0 un c\u00e2ble secteur SRX Powercell d&#8217;une valeur de 11500\u20ac.<\/strong><\/h4>\n[\/vc_column_text][\/vc_column][vc_column width=&#8221;1\/4&#8243;][vc_column_text]\n<h4 style=\"text-align: center;\"><strong>Associ\u00e9 \u00e0 un c\u00e2ble secteur SRX XL High Current Discovery Powercell d&#8217;une valeur de 13500\u20ac.<\/strong><\/h4>\n[\/vc_column_text][\/vc_column][\/vc_row][vc_row row_type=&#8221;row&#8221; text_align=&#8221;left&#8221; css_animation=&#8221;&#8221;][vc_column][vc_empty_space][\/vc_column][\/vc_row][vc_row row_type=&#8221;row&#8221; text_align=&#8221;left&#8221; css_animation=&#8221;&#8221;][vc_column width=&#8221;1\/4&#8243;][vc_column_text]\n<h5 style=\"text-align: center;\"><strong>Prix : 10500\u20ac<\/strong><\/h5>\n[\/vc_column_text][\/vc_column][vc_column width=&#8221;1\/4&#8243;][vc_column_text]\n<h5 style=\"text-align: center;\"><strong>Prix : 12500\u20ac<\/strong><\/h5>\n[\/vc_column_text][\/vc_column][vc_column width=&#8221;1\/4&#8243;][vc_column_text]\n<h5 style=\"text-align: center;\"><strong>Prix : 15000\u20ac<\/strong><\/h5>\n[\/vc_column_text][\/vc_column][vc_column width=&#8221;1\/4&#8243;][vc_column_text]\n<h5 style=\"text-align: center;\"><strong>Prix : 17500\u20ac<\/strong><\/h5>\n[\/vc_column_text][\/vc_column][\/vc_row][vc_row row_type=&#8221;row&#8221; text_align=&#8221;left&#8221; css_animation=&#8221;&#8221;][vc_column][vc_empty_space][\/vc_column][\/vc_row][vc_row row_type=&#8221;row&#8221; text_align=&#8221;left&#8221; css_animation=&#8221;&#8221;][vc_column width=&#8221;1\/4&#8243;][vc_single_image image=&#8221;4596&#8243; alignment=&#8221;center&#8221;][\/vc_column][vc_column width=&#8221;1\/4&#8243;][vc_single_image image=&#8221;4600&#8243; alignment=&#8221;center&#8221;][\/vc_column][vc_column width=&#8221;1\/4&#8243;][vc_single_image image=&#8221;4612&#8243; alignment=&#8221;center&#8221;][\/vc_column][vc_column width=&#8221;1\/4&#8243;][vc_single_image image=&#8221;4608&#8243; alignment=&#8221;center&#8221;][\/vc_column][\/vc_row]\n","protected":false},"excerpt":{"rendered":"<p>Filtre secteur \u00c9lectromagn\u00e9tique 12 Sorties<\/p>\n","protected":false},"featured_media":6094,"template":"","meta":[],"product_cat":[16],"product_tag":[],"class_list":["post-6123","product","type-product","status-publish","has-post-thumbnail","hentry","product_cat-non-classe"],"bundled_by":[],"bundle_stock_status":"instock","bundle_stock_quantity":null,"bundle_virtual":false,"bundle_layout":"","bundle_add_to_cart_form_location":"","bundle_editable_in_cart":false,"bundle_sold_individually_context":"","bundle_item_grouping":"","bundle_min_size":"","bundle_max_size":"","bundle_price":[],"bundled_items":[],"bundle_sell_ids":[],"_links":{"self":[{"href":"https:\/\/www.audio-focus.com\/en\/wp-json\/wp\/v2\/product\/6123","targetHints":{"allow":["GET"]}}],"collection":[{"href":"https:\/\/www.audio-focus.com\/en\/wp-json\/wp\/v2\/product"}],"about":[{"href":"https:\/\/www.audio-focus.com\/en\/wp-json\/wp\/v2\/types\/product"}],"wp:featuredmedia":[{"embeddable":true,"href":"https:\/\/www.audio-focus.com\/en\/wp-json\/wp\/v2\/media\/6094"}],"wp:attachment":[{"href":"https:\/\/www.audio-focus.com\/en\/wp-json\/wp\/v2\/media?parent=6123"}],"wp:term":[{"taxonomy":"product_cat","embeddable":true,"href":"https:\/\/www.audio-focus.com\/en\/wp-json\/wp\/v2\/product_cat?post=6123"},{"taxonomy":"product_tag","embeddable":true,"href":"https:\/\/www.audio-focus.com\/en\/wp-json\/wp\/v2\/product_tag?post=6123"}],"curies":[{"name":"wp","href":"https:\/\/api.w.org\/{rel}","templated":true}]}}